{"id":377,"date":"2013-09-06T11:49:42","date_gmt":"2013-09-06T09:49:42","guid":{"rendered":"http:\/\/www.ideal.rwth-aachen.de\/?page_id=377"},"modified":"2013-11-22T16:05:17","modified_gmt":"2013-11-22T14:05:17","slug":"rwth-aachen","status":"publish","type":"page","link":"https:\/\/www.ideal.rwth-aachen.de\/?page_id=377","title":{"rendered":"RWTH Aachen"},"content":{"rendered":"<\/div><\/div><\/div><!-- close content main div --><\/div><\/div><div id='rwth' class='avia-section main_color avia-section-default avia-shadow avia-bg-style-scroll   container_wrap fullsize' style = 'background-image: '  ><div class='container' ><div class='template-page content  av-content-full alpha units'><div class='post-entry post-entry-type-page post-entry-377'><div class='entry-content-wrapper clearfix'>\n<div class=\"flex_column av_one_fourth  flex_column_div first  \" ><div class='avia-image-container avia_animated_image avia_animate_when_almost_visible left-to-right av-styling-    avia-align-left '  itemprop=\"ImageObject\" itemscope=\"itemscope\" itemtype=\"https:\/\/schema.org\/ImageObject\"  ><div class='avia-image-container-inner'><div class='avia-image-overlay-wrap'><a href='http:\/\/www.rwth-aachen.de\/cms\/root\/Forschung\/Forschen_an_der_RWTH\/Angebote_fuer_Forschende\/Forschungsfoerderung\/~dxov\/EU_Forschungsfoerderung\/' class='avia_image'   target=\"_blank\" ><img class='avia_image ' src='http:\/\/www.ideal.rwth-aachen.de\/wp-content\/uploads\/2013\/08\/RWTH-Aachen-University-300x81.jpg' alt='' title='RWTH Aachen University'  itemprop=\"thumbnailUrl\"  \/><\/a><\/div><\/div><\/div><\/div><div class=\"flex_column av_three_fourth  flex_column_div   \" ><p><div style='padding-bottom:10px; ' class='av-special-heading av-special-heading-h3    '><h3 class='av-special-heading-tag '  itemprop=\"headline\"  >RHEINISCH-WESTF\u00c4LISCHE TECHNISCHE HOCHSCHULE AACHEN<\/h3><div class='special-heading-border'><div class='special-heading-inner-border' ><\/div><\/div><\/div><br \/>\n<div style='padding-bottom:10px; ' class='av-special-heading av-special-heading-h3  blockquote modern-quote  '><h3 class='av-special-heading-tag '  itemprop=\"headline\"  >EU Project Management Office<\/h3><div class='special-heading-border'><div class='special-heading-inner-border' ><\/div><\/div><\/div><br \/>\n\t<div  class='av_promobox  avia-button-yes '>\t\t<div class='avia-promocontent'><\/p>\n<address>RWTH Aachen<\/address>\n<address>K\u00e1rm\u00e1nstra\u00dfe 17\/19<br \/>\n52062 Aachen<br \/>\nGermany<\/address>\n<p>\n<\/div><div class='avia-button-wrap avia-button-right '><a href='https:\/\/maps.google.de\/maps?q=Karmanstrasse+17+52062+Aachen'  class='avia-button   avia-icon_select-yes-left-icon avia-color-orange avia-size-small avia-position-right '  target=\"_blank\"   ><span class='avia_button_icon avia_button_icon_left ' aria-hidden='true' data-av_icon='\ue842' data-av_iconfont='entypo-fontello'><\/span><span class='avia_iconbox_title' >Google Maps<\/span><\/a><\/div>\t<\/div><br \/>\n<div class='avia-data-table-wrap avia_responsive_table'><table class='avia-table avia-data-table avia-table-1  avia_pricing_default '  itemscope=\"itemscope\" itemtype=\"https:\/\/schema.org\/Table\" ><tbody><tr class=''><td class=''>Manager<\/td><th class='avia-desc-col'>Eva Haas<\/th><td class=''><a href=\"mailto:eva.haas@zhv.rwth-aachen.de\">eva.haas@zhv.rwth-aachen.de<\/a><br \/>\n<\/td><td class=''><a href=\"http:\/\/www.rwth-aachen.de\/foerderung\">Webpage<\/a><\/td><\/tr><\/tbody><\/table><\/div><style type='text\/css'>.avia-table-1 td:nth-of-type(1):before { content: 'Manager'; } <\/style><\/p><\/div><div style='padding-bottom:10px; ' class='av-special-heading av-special-heading-h3    '><h3 class='av-special-heading-tag '  itemprop=\"headline\"  >About<\/h3><div class='special-heading-border'><div class='special-heading-inner-border' ><\/div><\/div><\/div>\n<p><section class=\"av_textblock_section \"  itemscope=\"itemscope\" itemtype=\"https:\/\/schema.org\/CreativeWork\" ><div class='avia_textblock  '   itemprop=\"text\" ><p>The <b>RWTH Aachen University<\/b>, established in 1870, is divided into 9 faculties, including the medical faculty. Currently around 35,800 students are enrolled in over 100 academic programmes. The number of foreign students (14 %) confirms the University\u2019s international reputation. RWTH Aachen University, with 465 professorships, is strongly oriented toward the current needs of industry, commerce, and the professions and has a significant portfolio of innovations, patents, and licenses. The individual institutes collaborate very effectively across departments and faculties in interdisciplinary groups and forums. RWTH\u00a0ranks as the premier German University with regard to external funding and was able to secure \u20ac 314 million in funding from business and industry as well as public research grants. This demonstrates RWTH\u2019s special status among German Universities and illustrates its success in linking academic research with private sector innovation activity. Education and research at RWTH have been awarded by the German Excellence Initiative and a graduate school and three clusters of excellence were funded.<\/p>\n<p>The future strategy of RWTH to become an integrated, interdisciplinary technical university is supported by funds from the national Excellence Initiative and several strategic partnerships, e.g. IDEA League and the JARA J\u00fclich Aachen Research Alliance. Interdisciplinary research especially in the field of engineering and medicine is consolidated within the excellence initiative and visible on the new research campus, between RWTH and UKA, with the first established Cluster \u201cBiomedical engineering\u201d.<\/p>\n<p>The <b>EU Project Management Office<\/b> <b>of RWTH Aachen University<\/b> provides consultancy services for researchers and assists RWTH and UKA Institutes through the entire project lifecycle. With nearly 120 signed FP7 Grant Agreements in \u201cCooperation\u201d, 15% are coordinated, the EU Project Management Office has extensive experience with the contractual, financial and administrative procedures of EU projects.<\/p>\n<p><b>Main Project Tasks and Experiences related to the project:<\/b> The EU-Project Management Office established at the RWTH Division for Research Funding, is responsible for the professional project management in financial and administrative matters and will support the Coordinator in all administrative and financial issues.<\/p>\n<p><b>Key Personnel: <\/b><\/p>\n<p style=\"padding-left: 30px;\"><b>Eva Haas, Dipl-Betriebswirtin (FH),<\/b> worked in a company providing project coordination and dissemination services for research organisations in the field of Life Sciences. For more than eight years, she has gained wide practical experience in coordinating EU-funded projects regarding administration, reporting and conducting training workshops as well as dissemination activities. In October 2013, she started working at the Division of Research Funding Services at RWTH Aachen and is currently the Project Manager of the FP7 Health project IDEAL.<\/p>\n<\/div><\/section>\n\n","protected":false},"excerpt":{"rendered":"","protected":false},"author":1,"featured_media":0,"parent":60,"menu_order":0,"comment_status":"closed","ping_status":"closed","template":"","meta":{"footnotes":""},"class_list":["post-377","page","type-page","status-publish","hentry"],"_links":{"self":[{"href":"https:\/\/www.ideal.rwth-aachen.de\/index.php?rest_route=\/wp\/v2\/pages\/377","targetHints":{"allow":["GET"]}}],"collection":[{"href":"https:\/\/www.ideal.rwth-aachen.de\/index.php?rest_route=\/wp\/v2\/pages"}],"about":[{"href":"https:\/\/www.ideal.rwth-aachen.de\/index.php?rest_route=\/wp\/v2\/types\/page"}],"author":[{"embeddable":true,"href":"https:\/\/www.ideal.rwth-aachen.de\/index.php?rest_route=\/wp\/v2\/users\/1"}],"replies":[{"embeddable":true,"href":"https:\/\/www.ideal.rwth-aachen.de\/index.php?rest_route=%2Fwp%2Fv2%2Fcomments&post=377"}],"version-history":[{"count":10,"href":"https:\/\/www.ideal.rwth-aachen.de\/index.php?rest_route=\/wp\/v2\/pages\/377\/revisions"}],"predecessor-version":[{"id":781,"href":"https:\/\/www.ideal.rwth-aachen.de\/index.php?rest_route=\/wp\/v2\/pages\/377\/revisions\/781"}],"up":[{"embeddable":true,"href":"https:\/\/www.ideal.rwth-aachen.de\/index.php?rest_route=\/wp\/v2\/pages\/60"}],"wp:attachment":[{"href":"https:\/\/www.ideal.rwth-aachen.de\/index.php?rest_route=%2Fwp%2Fv2%2Fmedia&parent=377"}],"curies":[{"name":"wp","href":"https:\/\/api.w.org\/{rel}","templated":true}]}}